{"id":1748,"date":"2025-08-25T13:00:21","date_gmt":"2025-08-25T13:00:21","guid":{"rendered":"https:\/\/ceupp.com\/?page_id=1748"},"modified":"2026-01-26T08:22:16","modified_gmt":"2026-01-26T08:22:16","slug":"faq","status":"publish","type":"page","link":"https:\/\/ceupp.com\/index.php\/faq\/","title":{"rendered":"FAQ &#8211; Vanliga fr\u00e5gor"},"content":{"rendered":"<p><div class=\"fusion-fullwidth fullwidth-box fusion-builder-row-1 fusion-flex-container has-pattern-background has-mask-background nonhundred-percent-fullwidth non-hundred-percent-height-scrolling\" style=\"--awb-border-radius-top-left:0px;--awb-border-radius-top-right:0px;--awb-border-radius-bottom-right:0px;--awb-border-radius-bottom-left:0px;--awb-flex-wrap:wrap;\" ><div class=\"fusion-builder-row fusion-row fusion-flex-align-items-flex-start fusion-flex-content-wrap\" style=\"max-width:1216.8px;margin-left: calc(-4% \/ 2 );margin-right: calc(-4% \/ 2 );\"><div class=\"fusion-layout-column fusion_builder_column fusion-builder-column-0 fusion_builder_column_1_1 1_1 fusion-flex-column\" style=\"--awb-bg-size:cover;--awb-width-large:100%;--awb-margin-top-large:0px;--awb-spacing-right-large:1.92%;--awb-margin-bottom-large:0px;--awb-spacing-left-large:1.92%;--awb-width-medium:100%;--awb-order-medium:0;--awb-spacing-right-medium:1.92%;--awb-spacing-left-medium:1.92%;--awb-width-small:100%;--awb-order-small:0;--awb-spacing-right-small:1.92%;--awb-spacing-left-small:1.92%;\"><div class=\"fusion-column-wrapper fusion-column-has-shadow fusion-flex-justify-content-flex-start fusion-content-layout-column\"><div class=\"fusion-title title fusion-title-1 fusion-sep-none fusion-title-text fusion-title-size-one\"><h1 class=\"fusion-title-heading title-heading-left fusion-responsive-typography-calculated\" style=\"margin:0;text-transform:capitalize;--fontSize:60;line-height:var(--awb-typography1-line-height);\">Vanliga fr\u00e5gor &#8211; FAQ<\/h1><\/div><\/div><\/div><\/div><\/div><div class=\"fusion-fullwidth fullwidth-box fusion-builder-row-2 fusion-flex-container has-pattern-background has-mask-background nonhundred-percent-fullwidth non-hundred-percent-height-scrolling\" style=\"--awb-border-radius-top-left:0px;--awb-border-radius-top-right:0px;--awb-border-radius-bottom-right:0px;--awb-border-radius-bottom-left:0px;--awb-flex-wrap:wrap;\" ><div class=\"fusion-builder-row fusion-row fusion-flex-align-items-flex-start fusion-flex-content-wrap\" style=\"max-width:1216.8px;margin-left: calc(-4% \/ 2 );margin-right: calc(-4% \/ 2 );\"><div class=\"fusion-layout-column fusion_builder_column fusion-builder-column-1 fusion_builder_column_1_3 1_3 fusion-flex-column\" style=\"--awb-bg-size:cover;--awb-width-large:33.333333333333%;--awb-margin-top-large:0px;--awb-spacing-right-large:5.76%;--awb-margin-bottom-large:0px;--awb-spacing-left-large:5.76%;--awb-width-medium:100%;--awb-order-medium:0;--awb-spacing-right-medium:1.92%;--awb-spacing-left-medium:1.92%;--awb-width-small:100%;--awb-order-small:0;--awb-spacing-right-small:1.92%;--awb-spacing-left-small:1.92%;\"><div class=\"fusion-column-wrapper fusion-column-has-shadow fusion-flex-justify-content-flex-start fusion-content-layout-column\"><div class=\"fusion-text fusion-text-1\"><p style=\"line-height: 25px; letter-spacing: normal;\" data-fusion-font=\"true\"><b>Vilka funktioner ing\u00e5r i CEUPP?<br \/>\n<\/b>Beroende p\u00e5 vilket paket du v\u00e4ljer ing\u00e5r olika typer av funktioner. Se mer p\u00e5 CEUPP.com\/priser f\u00f6r mer information.<\/p>\n<p style=\"line-height: 25px; letter-spacing: normal;\" data-fusion-font=\"true\"><b>Vad \u00e4r CEUPP?<br \/>\n<\/b>CEUPP \u00e4r ett webbaserat system (tillg\u00e4ngligt via dator och mobil) som hanterar CE-m\u00e4rkning av automatik och d\u00f6rrsystem, inklusive felrapportering och dokumentation.<\/p>\n<p style=\"line-height: 25px; letter-spacing: normal;\" data-fusion-font=\"true\"><b>Varf\u00f6r beh\u00f6vs ett system som CEUPP?<br \/>\n<\/b>Eftersom automatiska d\u00f6rrar klassas som maskiner inom EU, m\u00e5ste de vara CE-m\u00e4rkta. CEUPP underl\u00e4ttar denna process och m\u00f6jligg\u00f6r samtidigt effektiv hantering av inspektioner och felanm\u00e4lningar.<\/p>\n<p style=\"line-height: 25px; letter-spacing: normal;\" data-fusion-font=\"true\"><b>Vilka f\u00f6retag anv\u00e4nder CEUPP?<br \/>\n<\/b>Systemet anv\u00e4nds dagligen av l\u00e5ssmeder och installationsf\u00f6retag i Norden \u2013 s\u00e4rskilt f\u00f6r att uppfylla g\u00e4llande regler samt effektivisera f\u00f6rebyggande underh\u00e5ll, felanm\u00e4lningar och rapporthantering.<\/p>\n<p style=\"line-height: 25px; letter-spacing: normal;\" data-fusion-font=\"true\"><b>Vilka typer av betalningsmetoder finns?<br \/>\n<\/b>Vi erbjuder betalning med kort samt, vid st\u00f6rre transaktioner, faktura. Kontakta oss f\u00f6r mer information.<\/p>\n<\/div><\/div><\/div><div class=\"fusion-layout-column fusion_builder_column fusion-builder-column-2 fusion_builder_column_1_3 1_3 fusion-flex-column\" style=\"--awb-bg-size:cover;--awb-width-large:33.333333333333%;--awb-margin-top-large:0px;--awb-spacing-right-large:5.76%;--awb-margin-bottom-large:0px;--awb-spacing-left-large:5.76%;--awb-width-medium:100%;--awb-order-medium:0;--awb-spacing-right-medium:1.92%;--awb-spacing-left-medium:1.92%;--awb-width-small:100%;--awb-order-small:0;--awb-spacing-right-small:1.92%;--awb-spacing-left-small:1.92%;\"><div class=\"fusion-column-wrapper fusion-column-has-shadow fusion-flex-justify-content-flex-start fusion-content-layout-column\"><div class=\"fusion-text fusion-text-2\"><p style=\"line-height: 25px; letter-spacing: normal;\" data-fusion-font=\"true\"><b> Vilken nytta ger CEUPP f\u00f6r anv\u00e4ndare och serviceleverant\u00f6rer?<br \/>\n<\/b><span style=\"background-color: rgba(0, 0, 0, 0);\">\u2022 Serviceleverant\u00f6rer kan enkelt logga utf\u00f6rt arbete, registrera utbytta komponenter och exportera fullst\u00e4ndiga rapporter och protokoll. Det minskar manuellt arbete och skapar struktur.<br \/>\n<\/span><span style=\"background-color: rgba(0, 0, 0, 0);\">\u2022 Anv\u00e4ndare (t.ex. sjukhus) f\u00e5r transparent \u00f6verblick \u00f6ver allt underh\u00e5ll, status p\u00e5 \u00e4renden och historik p\u00e5 varje enhet.<\/span><\/p>\n<p style=\"line-height: 25px; letter-spacing: normal;\" data-fusion-font=\"true\"><b>\u00c4r CEUPP mobilv\u00e4nligt?<br \/>\n<\/b>Ja \u2013 CEUPP \u00e4r webbaserat och tillg\u00e4ngligt via b\u00e5de dator och mobila enheter, vilket g\u00f6r det flexibelt och l\u00e4ttillg\u00e4ngligt f\u00f6r b\u00e5de tekniker och administrat\u00f6rer.<\/p>\n<p style=\"line-height: 25px; letter-spacing: normal;\" data-fusion-font=\"true\"><b>Hur funkar QR-koden?<br \/>\n<\/b>Varje etikett har en unik QR-kod som aktiveras n\u00e4r man som anv\u00e4ndare skannar den f\u00f6rsta g\u00e5ngen. Processen efter\u00e5t \u00e4r olika beroende p\u00e5 om det \u00e4r en nyinstallation eller en eftermarknadsregistrering.<\/p>\n<p style=\"line-height: 25px; letter-spacing: normal;\" data-fusion-font=\"true\">N\u00e4r sedan en anv\u00e4ndare, fastighets\u00e4gare eller tekniker skannar QR-koden visas relevant information samt lagstadgade dokument, likas\u00e5 blir maskinens loggbok tillg\u00e4nglig f\u00f6r b\u00e5de ifyllnad samt historik.<\/p>\n<\/div><\/div><\/div><div class=\"fusion-layout-column fusion_builder_column fusion-builder-column-3 fusion_builder_column_1_3 1_3 fusion-flex-column\" style=\"--awb-bg-size:cover;--awb-width-large:33.333333333333%;--awb-margin-top-large:0px;--awb-spacing-right-large:5.76%;--awb-margin-bottom-large:0px;--awb-spacing-left-large:5.76%;--awb-width-medium:100%;--awb-order-medium:0;--awb-spacing-right-medium:1.92%;--awb-spacing-left-medium:1.92%;--awb-width-small:100%;--awb-order-small:0;--awb-spacing-right-small:1.92%;--awb-spacing-left-small:1.92%;\"><div class=\"fusion-column-wrapper fusion-column-has-shadow fusion-flex-justify-content-flex-start fusion-content-layout-column\"><div class=\"fusion-text fusion-text-3\"><p style=\"line-height: 25px; letter-spacing: normal;\" data-fusion-font=\"true\"><b>Ing\u00e5r support?<br \/>\n<\/b>Sj\u00e4lvklart! Vi finns tillg\u00e4ngliga p\u00e5 mail och telefon helgfria vardagar 7 &#8211; 16 .<\/p>\n<p style=\"line-height: 25px; letter-spacing: normal;\" data-fusion-font=\"true\">support@ceupp.com \/ 010-2228969<\/p>\n<p style=\"line-height: 25px; letter-spacing: normal;\" data-fusion-font=\"true\"><b>Kan man f\u00e5 en demo innan k\u00f6p?<br \/>\n<\/b>Absolut, anm\u00e4l ditt intresse i v\u00e5rt formul\u00e4r eller ring oss s\u00e5 visar vi dig hur systemet ser ut och hur l\u00e4tt det \u00e4r att jobba i.<\/p>\n<p style=\"line-height: 25px; letter-spacing: normal;\" data-fusion-font=\"true\"><b>Hur skyddas min data?<br \/>\n<\/b>Varken CEUPP som leverant\u00f6r eller n\u00e5gon annan har tillg\u00e5ng till den information som man matar in i systemet, bortsett fr\u00e5n lagstadgade uppgifter. L\u00e4s mer i v\u00e5ra &#8221;Allm\u00e4nna villkor&#8221;.<\/p>\n<p style=\"line-height: 25px; letter-spacing: normal;\" data-fusion-font=\"true\">All kunddata lagras i Microsofts Azure-milj\u00f6 p\u00e5 servrar placerade i Sverige. S\u00e4kerhetskopiering och redundans kan inneb\u00e4r lagring inom andra EU\/ESS-l\u00e4nder, i enlighet med g\u00e4llande dataskyddsregler. Ingen data lagras eller utf\u00f6rs utanf\u00f6r EU\/ESS.<\/p>\n<\/div><\/div><\/div><\/div><\/div><\/p>\n","protected":false},"excerpt":{"rendered":"","protected":false},"author":5,"featured_media":0,"parent":0,"menu_order":0,"comment_status":"closed","ping_status":"closed","template":"","meta":{"footnotes":""},"class_list":["post-1748","page","type-page","status-publish","hentry"],"yoast_head":"<!-- This site is optimized with the Yoast SEO plugin v26.7 - https:\/\/yoast.com\/wordpress\/plugins\/seo\/ -->\n<title>FAQ - Vanliga fr\u00e5gor - CE M\u00e4rkning av d\u00f6rrautomatik mm<\/title>\n<meta name=\"description\" content=\"Vanliga fr\u00e5gor och svar om CEUPP \u2013 v\u00e5rt digitala verktyg f\u00f6r smidig, snabb och korrekt CE-m\u00e4rkning av d\u00f6rrautomatik. L\u00e4s om funktioner, process, prisplaner och hur du kommer ig\u00e5ng.\" \/>\n<meta name=\"robots\" content=\"index, follow, max-snippet:-1, max-image-preview:large, max-video-preview:-1\" \/>\n<link rel=\"canonical\" href=\"https:\/\/ceupp.com\/index.php\/faq\/\" \/>\n<meta property=\"og:locale\" content=\"sv_SE\" \/>\n<meta property=\"og:type\" content=\"article\" \/>\n<meta property=\"og:title\" content=\"FAQ - Vanliga fr\u00e5gor - CE M\u00e4rkning av d\u00f6rrautomatik mm\" \/>\n<meta property=\"og:description\" content=\"Vanliga fr\u00e5gor och svar om CEUPP \u2013 v\u00e5rt digitala verktyg f\u00f6r smidig, snabb och korrekt CE-m\u00e4rkning av d\u00f6rrautomatik. L\u00e4s om funktioner, process, prisplaner och hur du kommer ig\u00e5ng.\" \/>\n<meta property=\"og:url\" content=\"https:\/\/ceupp.com\/index.php\/faq\/\" \/>\n<meta property=\"og:site_name\" content=\"CE M\u00e4rkning av d\u00f6rrautomatik mm\" \/>\n<meta property=\"article:modified_time\" content=\"2026-01-26T08:22:16+00:00\" \/>\n<meta name=\"twitter:card\" content=\"summary_large_image\" \/>\n<meta name=\"twitter:label1\" content=\"Ber\u00e4knad l\u00e4stid\" \/>\n\t<meta name=\"twitter:data1\" content=\"2 minuter\" \/>\n<script type=\"application\/ld+json\" class=\"yoast-schema-graph\">{\"@context\":\"https:\/\/schema.org\",\"@graph\":[{\"@type\":\"WebPage\",\"@id\":\"https:\/\/ceupp.com\/index.php\/faq\/\",\"url\":\"https:\/\/ceupp.com\/index.php\/faq\/\",\"name\":\"FAQ - Vanliga fr\u00e5gor - CE M\u00e4rkning av d\u00f6rrautomatik mm\",\"isPartOf\":{\"@id\":\"https:\/\/ceupp.com\/#website\"},\"datePublished\":\"2025-08-25T13:00:21+00:00\",\"dateModified\":\"2026-01-26T08:22:16+00:00\",\"description\":\"Vanliga fr\u00e5gor och svar om CEUPP \u2013 v\u00e5rt digitala verktyg f\u00f6r smidig, snabb och korrekt CE-m\u00e4rkning av d\u00f6rrautomatik. L\u00e4s om funktioner, process, prisplaner och hur du kommer ig\u00e5ng.\",\"breadcrumb\":{\"@id\":\"https:\/\/ceupp.com\/index.php\/faq\/#breadcrumb\"},\"inLanguage\":\"sv-SE\",\"potentialAction\":[{\"@type\":\"ReadAction\",\"target\":[\"https:\/\/ceupp.com\/index.php\/faq\/\"]}]},{\"@type\":\"BreadcrumbList\",\"@id\":\"https:\/\/ceupp.com\/index.php\/faq\/#breadcrumb\",\"itemListElement\":[{\"@type\":\"ListItem\",\"position\":1,\"name\":\"Hem\",\"item\":\"https:\/\/ceupp.com\/\"},{\"@type\":\"ListItem\",\"position\":2,\"name\":\"FAQ &#8211; Vanliga fr\u00e5gor\"}]},{\"@type\":\"WebSite\",\"@id\":\"https:\/\/ceupp.com\/#website\",\"url\":\"https:\/\/ceupp.com\/\",\"name\":\"CE M\u00e4rkning av d\u00f6rrautomatik mm\",\"description\":\"\",\"potentialAction\":[{\"@type\":\"SearchAction\",\"target\":{\"@type\":\"EntryPoint\",\"urlTemplate\":\"https:\/\/ceupp.com\/?s={search_term_string}\"},\"query-input\":{\"@type\":\"PropertyValueSpecification\",\"valueRequired\":true,\"valueName\":\"search_term_string\"}}],\"inLanguage\":\"sv-SE\"}]}<\/script>\n<!-- \/ Yoast SEO plugin. -->","yoast_head_json":{"title":"FAQ - Vanliga fr\u00e5gor - CE M\u00e4rkning av d\u00f6rrautomatik mm","description":"Vanliga fr\u00e5gor och svar om CEUPP \u2013 v\u00e5rt digitala verktyg f\u00f6r smidig, snabb och korrekt CE-m\u00e4rkning av d\u00f6rrautomatik. L\u00e4s om funktioner, process, prisplaner och hur du kommer ig\u00e5ng.","robots":{"index":"index","follow":"follow","max-snippet":"max-snippet:-1","max-image-preview":"max-image-preview:large","max-video-preview":"max-video-preview:-1"},"canonical":"https:\/\/ceupp.com\/index.php\/faq\/","og_locale":"sv_SE","og_type":"article","og_title":"FAQ - Vanliga fr\u00e5gor - CE M\u00e4rkning av d\u00f6rrautomatik mm","og_description":"Vanliga fr\u00e5gor och svar om CEUPP \u2013 v\u00e5rt digitala verktyg f\u00f6r smidig, snabb och korrekt CE-m\u00e4rkning av d\u00f6rrautomatik. L\u00e4s om funktioner, process, prisplaner och hur du kommer ig\u00e5ng.","og_url":"https:\/\/ceupp.com\/index.php\/faq\/","og_site_name":"CE M\u00e4rkning av d\u00f6rrautomatik mm","article_modified_time":"2026-01-26T08:22:16+00:00","twitter_card":"summary_large_image","twitter_misc":{"Ber\u00e4knad l\u00e4stid":"2 minuter"},"schema":{"@context":"https:\/\/schema.org","@graph":[{"@type":"WebPage","@id":"https:\/\/ceupp.com\/index.php\/faq\/","url":"https:\/\/ceupp.com\/index.php\/faq\/","name":"FAQ - Vanliga fr\u00e5gor - CE M\u00e4rkning av d\u00f6rrautomatik mm","isPartOf":{"@id":"https:\/\/ceupp.com\/#website"},"datePublished":"2025-08-25T13:00:21+00:00","dateModified":"2026-01-26T08:22:16+00:00","description":"Vanliga fr\u00e5gor och svar om CEUPP \u2013 v\u00e5rt digitala verktyg f\u00f6r smidig, snabb och korrekt CE-m\u00e4rkning av d\u00f6rrautomatik. L\u00e4s om funktioner, process, prisplaner och hur du kommer ig\u00e5ng.","breadcrumb":{"@id":"https:\/\/ceupp.com\/index.php\/faq\/#breadcrumb"},"inLanguage":"sv-SE","potentialAction":[{"@type":"ReadAction","target":["https:\/\/ceupp.com\/index.php\/faq\/"]}]},{"@type":"BreadcrumbList","@id":"https:\/\/ceupp.com\/index.php\/faq\/#breadcrumb","itemListElement":[{"@type":"ListItem","position":1,"name":"Hem","item":"https:\/\/ceupp.com\/"},{"@type":"ListItem","position":2,"name":"FAQ &#8211; Vanliga fr\u00e5gor"}]},{"@type":"WebSite","@id":"https:\/\/ceupp.com\/#website","url":"https:\/\/ceupp.com\/","name":"CE M\u00e4rkning av d\u00f6rrautomatik mm","description":"","potentialAction":[{"@type":"SearchAction","target":{"@type":"EntryPoint","urlTemplate":"https:\/\/ceupp.com\/?s={search_term_string}"},"query-input":{"@type":"PropertyValueSpecification","valueRequired":true,"valueName":"search_term_string"}}],"inLanguage":"sv-SE"}]}},"_links":{"self":[{"href":"https:\/\/ceupp.com\/index.php\/wp-json\/wp\/v2\/pages\/1748","targetHints":{"allow":["GET"]}}],"collection":[{"href":"https:\/\/ceupp.com\/index.php\/wp-json\/wp\/v2\/pages"}],"about":[{"href":"https:\/\/ceupp.com\/index.php\/wp-json\/wp\/v2\/types\/page"}],"author":[{"embeddable":true,"href":"https:\/\/ceupp.com\/index.php\/wp-json\/wp\/v2\/users\/5"}],"replies":[{"embeddable":true,"href":"https:\/\/ceupp.com\/index.php\/wp-json\/wp\/v2\/comments?post=1748"}],"version-history":[{"count":8,"href":"https:\/\/ceupp.com\/index.php\/wp-json\/wp\/v2\/pages\/1748\/revisions"}],"predecessor-version":[{"id":1957,"href":"https:\/\/ceupp.com\/index.php\/wp-json\/wp\/v2\/pages\/1748\/revisions\/1957"}],"wp:attachment":[{"href":"https:\/\/ceupp.com\/index.php\/wp-json\/wp\/v2\/media?parent=1748"}],"curies":[{"name":"wp","href":"https:\/\/api.w.org\/{rel}","templated":true}]}}